{"id":133,"date":"2021-07-18T23:41:06","date_gmt":"2021-07-18T21:41:06","guid":{"rendered":"http:\/\/dga.jake-vision.pl\/?page_id=133"},"modified":"2022-01-30T12:09:21","modified_gmt":"2022-01-30T11:09:21","slug":"o-nas","status":"publish","type":"page","link":"https:\/\/dga.jake-vision.pl\/pl_PL\/o-nas\/","title":{"rendered":"O Nas"},"content":{"rendered":"\n<p class=\"big-p\">\n                    Marka DGA Studio powsta\u0142a z inicjatywy Doroty Ko\u015bmickiej-Gacke i Beerenda Jana Kepinskiego. Dedykowana jest filmom oraz serialom premium.\n                <\/p>\n\n\n\n<img decoding=\"async\" src=\"http:\/\/dga.jake-vision.pl\/wp-content\/uploads\/2021\/08\/beerend-jan-kepinski.jpg\"\/><br \/><br \/>\n<p class=\"big-p\"><span>Beerend Jan Kepinski<\/span><br \/>\nBeerend Jan studiowa\u0142 w PWSFTviT w \u0141odzi, karier\u0119 rozpocz\u0105\u0142 w Endemol Polska, gdzie wyre\u017cyserowa\u0142 \u201eBig Brothera\u201d.\n<\/p>\n\n<p class=\"small-p\">\nOd 2002 roku pracowa\u0142 w TVN i wyre\u017cyserowa\u0142 wiele program\u00f3w, m.in. \u201eTaniec z gwiazdami\u201d. W latach 1999-2005 wyre\u017cyserowa\u0142 460 odcink\u00f3w teleturnieju \u201eKto chce zosta\u0107 milionerem \u2013 Milionerzy\u201d.<br \/>\nA od 2008 roku jest tak\u017ce producentem tego programu.<\/p>\n\n<p class=\"small-p\">W 2011 roku za\u0142o\u017cy\u0142 Jake Vision.<br \/>\nW Jake Vision wyprodukowali\u015bmy wiele program\u00f3w telewizyjnych, takich jak \u201eMust Be the Music &#8211; Tylko W Jake Vision wyprodukowali\u015bmy wiele program\u00f3w telewizyjnych, takich jak \u201eMust Be the Music \u2013 Tylko Muzyka\u201d, \u201eThe Mole \u2013 Agent\u201d, \u201eTop Chef\u201d, \u201eHell\u2019s Kitchen\u201d, \u201eBake Off \u2013 Ale ciacho!\u201d, \u201eNinja Warrior\u201d i \u201eWyspa mi\u0142o\u015bci\u201d.<br \/>\nW 2019 roku Jake Vision kupi\u0142 wi\u0119kszo\u015b\u0107 w DGA, firmie produkuj\u0105cej seriale telewizyjne.<\/p>\n\n<p class=\"small-p\">Pierwszym serialem telewizyjnym wyprodukowanym przez Jake Vision DGA by\u0142 serial \u201eMotyw \u2013 Motyw\u201d.\nPierwszym serialem telewizyjnym wyprodukowanym przez Jake Vision DGA by\u0142 serial \u201eMotyw\u201d. Od tego czasu wyprodukowali\u015bmy 4 kolejne seriale, m.in. \u201eTajemnica zawodowa\u201d, \u201ePi\u0119kni i bezrobotni\u201d oraz \u201eMamy to\u201d.<br \/>\nW 2021 roku za\u0142o\u017cyli\u015bmy trzeci oddzia\u0142 o nazwie Jake Vision Commercials.<\/p><br \/><br \/>\n\n<img decoding=\"async\" src=\"http:\/\/dga.jake-vision.pl\/wp-content\/uploads\/2021\/08\/dorota-kosmicka-gacke-1.jpg\"\/><br \/><br \/>\n<p class=\"big-p\">\n <span>Dorota Ko\u015bmicka-Gacke<\/span> \n<br \/>Dorota Ko\u015bmicka-Gacke (ur. 1971) to jedna z najbardziej cenionych producentek filmowych i telewizyjnych w Polsce. \n<\/p>\n\n<p class=\"small-p\">\n                    Karier\u0119 rozpoczyna\u0142a ponad 25 lat temu w HBO jako kierownik dzia\u0142u produkcji fabularnych, producent i koproducent. W latach 2001-2008 zwi\u0105zana z Grup\u0105 TVN, gdzie pracowa\u0142a przy najpopularniejszych serialach stacji (m.in. \u201eKasia i Tomek&#8221;, \u201eCamera Cafe\u201d, \u201eHela w opa\u0142ach\u201d i \u201eNiania\u201d), a tak\u017ce filmach fabularnych: \u201eNigdy w \u017cyciu\u201d oraz \u201eVinci\u201d. Nast\u0119pnie w latach 2008-2014 odpowiada\u0142a za nadz\u00f3r produkcji Telewizji Polskiej (m.in. \u201erodzinka.pl\u201d, \u201eLondy\u0144czycy\u201d, \u201eCzas honoru\u201d, \u201eTancerze\u201d). Od 2014 zwi\u0105zana z Grup\u0105 ATM. W roku 2017 Ko\u015bmicka-Gacke uruchomi\u0142a DGA Studio. Jako wiceprezes sp\u00f3\u0142ki i producent nadzoruj\u0105cy wyprodukowa\u0142a mi\u0119dzy innymi cztery sezony kasowego serialu \u201eDiagnoza\u201d dla TVN, a tak\u017ce \u201eMotyw\u201d, \u201eTajemnica zawodowa\u201d, \u201eMamy to\u201d oraz \u201ePi\u0119kni i bezrobotni\u201d.\n<\/p>\n\n<p class=\"small-p\">\nJest laureatk\u0105 presti\u017cowych nagr\u00f3d, w tym miesi\u0119cznik\u00f3w \u201ePANI\u201d oraz \u201eElle\u201d. Nominowana do Wiktora 2012. Wsp\u00f3\u0142tworzone przez ni\u0105 seriale by\u0142y nagradzane Telekamerami.\n<\/p>\n\n<br \/><br \/>\n\n<img decoding=\"async\" src=\"http:\/\/dga.jake-vision.pl\/wp-content\/uploads\/2021\/09\/Huub.jpg\"\/><br \/><br \/>\n<p class=\"big-p\">\n<span>Huub van Reede<\/span> \n<br \/>Huub van Reede \u2013 Cz\u0142onek Zarz\u0105du \/ Dyrektor ds. Finans\u00f3w i Format\u00f3w\n<\/p>\n\n<p class=\"small-p\">\nHuub, obywatel Holandii, przeprowadzi\u0142 si\u0119 do Polski w 1998 roku po tym, jak Bates Worldwide\npoprosi\u0142a go o za\u0142o\u017cenie w Warszawie firmy reklamowej o nazwie Bates Poland.\n<\/p>\n\n<p class=\"small-p\">\nW swojej karierze Huub pracowa\u0142 przez wiele lat jako dyrektor finansowy w dziale bada\u0144\nmarketingowych i reklamy. Ostatnie 15 lat w produkcji telewizyjnej razem z Beerendem Janem\nK\u0119pi\u0144skim.\n<\/p>\n\n<p class=\"small-p\">\nHuub nie jest przeci\u0119tnym Dyrektorem i Cz\u0142onkiem Zarz\u0105du, lubi my\u015ble\u0107, \u017ce jest na to zbyt kreatywny,\njego do\u015bwiadczenie specjalizowa\u0142o si\u0119 w systemach zarz\u0105dzania projektami.\n<\/p>\n\n<p class=\"small-p\">\nW zespole Jake Vision, Huub jest odpowiedzialny za finanse i formaty, a tak\u017ce za wiele innych rzeczy\nzwi\u0105zanych z jego stanowiskiem jako wiceprezes.\n<\/p>\n\n<br \/><br \/>\n","protected":false},"excerpt":{"rendered":"<p><!-- wp:html --><\/p>\n<p class=\"big-p\">\n                    Marka DGA Studio powsta\u0142a z inicjatywy Doroty Ko\u015bmickiej-Gacke i Beerenda Jana Kepinskiego. Dedykowana jest filmom oraz serialom premium.\n                <\/p>\n<p><!-- \/wp:html --><\/p>\n<p><!-- wp:html --><br \/>\n&#8230;<\/p>\n","protected":false},"author":1,"featured_media":0,"parent":0,"menu_order":0,"comment_status":"closed","ping_status":"closed","template":"o-nas.php","meta":{"footnotes":""},"class_list":["post-133","page","type-page","status-publish","hentry"],"_links":{"self":[{"href":"https:\/\/dga.jake-vision.pl\/pl_PL\/wp-json\/wp\/v2\/pages\/133","targetHints":{"allow":["GET"]}}],"collection":[{"href":"https:\/\/dga.jake-vision.pl\/pl_PL\/wp-json\/wp\/v2\/pages"}],"about":[{"href":"https:\/\/dga.jake-vision.pl\/pl_PL\/wp-json\/wp\/v2\/types\/page"}],"author":[{"embeddable":true,"href":"https:\/\/dga.jake-vision.pl\/pl_PL\/wp-json\/wp\/v2\/users\/1"}],"replies":[{"embeddable":true,"href":"https:\/\/dga.jake-vision.pl\/pl_PL\/wp-json\/wp\/v2\/comments?post=133"}],"version-history":[{"count":39,"href":"https:\/\/dga.jake-vision.pl\/pl_PL\/wp-json\/wp\/v2\/pages\/133\/revisions"}],"predecessor-version":[{"id":610,"href":"https:\/\/dga.jake-vision.pl\/pl_PL\/wp-json\/wp\/v2\/pages\/133\/revisions\/610"}],"wp:attachment":[{"href":"https:\/\/dga.jake-vision.pl\/pl_PL\/wp-json\/wp\/v2\/media?parent=133"}],"curies":[{"name":"wp","href":"https:\/\/api.w.org\/{rel}","templated":true}]}}