{"id":143,"date":"2021-07-19T22:18:10","date_gmt":"2021-07-19T20:18:10","guid":{"rendered":"http:\/\/dga.jake-vision.pl\/?page_id=143"},"modified":"2022-01-30T12:04:57","modified_gmt":"2022-01-30T11:04:57","slug":"co-robimy","status":"publish","type":"page","link":"https:\/\/dga.jake-vision.pl\/pl_PL\/co-robimy\/","title":{"rendered":"Co Robimy"},"content":{"rendered":"\n<div class=\"co-robimy-box left-box\">\n    <h4 class=\"title\"><span>01.<\/span>  Co Robimy<\/h4>\n    <div class=\"row\">\n        <div class=\"col-md-12\">                      \n            <div class=\"text\">\n                <p class=\"big-p\">\n                W oparciu o do\u015bwiadczenia zdobyte w ramach wieloletniej praktyki re\u017cyserskiej DGA Studio tworzy wci\u0105gaj\u0105ce produkcje filmowe i serialowe dla takich stacji jak TVN, TVP, Polsat, TTV oraz Canal +.\n                <\/p>\n                \n            <\/div>\n        <\/div>\n        <div class=\"clear\"><\/div>\n    <\/div>\n<\/div>\n\n<div class=\"co-robimy-box left-box\">\n    <h4 class=\"title\"><span>02.<\/span>  Co Oferujemy<\/h4>\n    <div class=\"row\">\n        <div class=\"col-md-12\">                      \n            <div class=\"text\"><p class=\"big-p\">\n                Wdra\u017camy kompleksowe rozwi\u0105zania obejmuj\u0105ce tworzenie i realizacj\u0119 produkcji filmowych i telewizyjnych. Specjalizujemy si\u0119 w wysokobud\u017cetowych projektach, kt\u00f3re pokocha\u0142y miliony widz\u00f3w\n<\/p>\n            <\/div>\n        <\/div>\n        <div class=\"clear\"><\/div>\n    <\/div>\n<\/div>\n\n<div class=\"co-robimy-box left-box\">\n    <h4 class=\"title\"><span>03.<\/span>  Nasze Portfolio<\/h4>\n    <div class=\"row\">\n        <div class=\"col-md-12\">                      \n            <div class=\"text\">\n                <p class=\"big-p\">\n                 W\u015br\u00f3d zrealizowanych dotychczas produkcji znajduj\u0105 si\u0119: <span>\u201eMotyw\u201d, \u201eTajemnica zawodowa\u201d, \u201ePi\u0119kni i bezrobotni\u201d, \u201eMamy to\u201d, \u201eThe Office PL\u201d\n                <\/span><\/p>\n               \n            <\/div>\n        <\/div>\n        <div class=\"clear\"><\/div>\n    <\/div>\n<\/div>\n","protected":false},"excerpt":{"rendered":"<p><!-- wp:html --><\/p>\n<div class=\"co-robimy-box left-box\">\n<h4 class=\"title\"><span>01.<\/span>  Co Robimy<\/h4>\n<div class=\"row\">\n<div class=\"col-md-12\">\n<div class=\"text\">\n<p class=\"big-p\">\n&#8230;<\/p>\n","protected":false},"author":1,"featured_media":0,"parent":0,"menu_order":0,"comment_status":"closed","ping_status":"closed","template":"co-robimy.php","meta":{"footnotes":""},"class_list":["post-143","page","type-page","status-publish","hentry"],"_links":{"self":[{"href":"https:\/\/dga.jake-vision.pl\/pl_PL\/wp-json\/wp\/v2\/pages\/143","targetHints":{"allow":["GET"]}}],"collection":[{"href":"https:\/\/dga.jake-vision.pl\/pl_PL\/wp-json\/wp\/v2\/pages"}],"about":[{"href":"https:\/\/dga.jake-vision.pl\/pl_PL\/wp-json\/wp\/v2\/types\/page"}],"author":[{"embeddable":true,"href":"https:\/\/dga.jake-vision.pl\/pl_PL\/wp-json\/wp\/v2\/users\/1"}],"replies":[{"embeddable":true,"href":"https:\/\/dga.jake-vision.pl\/pl_PL\/wp-json\/wp\/v2\/comments?post=143"}],"version-history":[{"count":26,"href":"https:\/\/dga.jake-vision.pl\/pl_PL\/wp-json\/wp\/v2\/pages\/143\/revisions"}],"predecessor-version":[{"id":608,"href":"https:\/\/dga.jake-vision.pl\/pl_PL\/wp-json\/wp\/v2\/pages\/143\/revisions\/608"}],"wp:attachment":[{"href":"https:\/\/dga.jake-vision.pl\/pl_PL\/wp-json\/wp\/v2\/media?parent=143"}],"curies":[{"name":"wp","href":"https:\/\/api.w.org\/{rel}","templated":true}]}}